{"id":7589,"date":"2025-11-30T22:19:39","date_gmt":"2025-11-30T22:19:39","guid":{"rendered":"https:\/\/stephantroesch.ch\/?page_id=7589"},"modified":"2025-12-11T08:08:12","modified_gmt":"2025-12-11T08:08:12","slug":"steppenmoewe","status":"publish","type":"page","link":"https:\/\/stephantroesch.ch\/index.php\/swissgulls\/steppenmoewe\/","title":{"rendered":"Steppenm\u00f6we"},"content":{"rendered":"<div class=\"wpb-content-wrapper\"><p>[vc_row][vc_column][vc_column_text css=&#187;&#187;]<\/p>\n<pre><strong>M\u00f6wenarten<\/strong>: \u2192 <a href=\"https:\/\/stephantroesch.ch\/index.php\/swissgulls\/lachmoewe\/\">Lachm\u00f6we<\/a> \u2192 <a href=\"https:\/\/stephantroesch.ch\/index.php\/swissgulls\/sturmmoewe\/\">Sturmm\u00f6we<\/a> \u2192 <a href=\"https:\/\/stephantroesch.ch\/index.php\/swissgulls\/schwarzkopfmoewe\/\">Schwarzkopfm\u00f6we<\/a> \u2192 <a href=\"https:\/\/stephantroesch.ch\/index.php\/swissgulls\/mittelmeermoewe\/\">Mittelmeerm\u00f6we<\/a> \u2192 Steppenm\u00f6we \u2192 <a href=\"https:\/\/stephantroesch.ch\/index.php\/swissgulls\/silbermoewe\/\">Silberm\u00f6we<\/a> \u2192 Heringsm\u00f6we\r\n<strong>Bestimmungshilfen:<\/strong> \u2192 <a href=\"https:\/\/stephantroesch.ch\/index.php\/swissgulls\/topografie-gefieder-einer-grossmoewe\/\">Gefieder-Topografie einer Grossm\u00f6we<\/a> | Die Mauser der M\u00f6wen<\/pre>\n<p>[\/vc_column_text][\/vc_column][\/vc_row][vc_row][vc_column width=&#187;1\/2&#8243;][vc_column_text css=&#187;&#187;]<\/p>\n<h2><strong>Steppenm\u00f6we<\/strong> Larus cachinnans | Caspian Gull<\/h2>\n<h3 class=\"wp-block-heading\">Status und Ph\u00e4nologie Schweiz<\/h3>\n<ul id=\"block-6ffe674f-02b1-41d7-81ad-c56e5582f708\" class=\"wp-block-list\">\n<li><\/li>\n<\/ul>\n<p><strong>Ph\u00e4nologie<\/strong>:<\/p>\n<p>Angaben aus MAUMARY et al. (2007) und (KNAUS et al.(2018).[\/vc_column_text][\/vc_column][vc_column width=&#187;1\/2&#8243;][vc_single_image image=&#187;7458&#8243; img_size=&#187;full&#187; add_caption=&#187;yes&#187; onclick=&#187;link_image&#187; css=&#187;&#187;][\/vc_column][\/vc_row][vc_row][vc_column][vc_message message_box_style=&#187;solid-icon&#187; message_box_color=&#187;grey&#187; icon_fontawesome=&#187;fa fa-solid fa-binoculars&#187; css=&#187;&#187;]<\/p>\n<h3>Feldkennzeichen<\/h3>\n<p><strong>4 Alterskleider<\/strong> | 1997 zum ersten Mal in der Schweiz und am Bodensee nachgewiesen. Seither stark zugenommene Pr\u00e4senz an grossen Schweizer Gew\u00e4ssern (mittlerweile auch Nachweise aus dem Tessin) und vierth\u00e4ufigste M\u00f6we (nach Lach-, Mittelmeer- und Sturmm\u00f6we), Tendenz leicht steigend oder stagnierend.\u00a0 Der bekannte grosse M\u00f6wenplatz am Bodensee bei Steinach (Maximahlzahlen bis 100 Steppenm\u00f6wen) existiert seit dem Winter 2022\/23 nicht mehr. | <strong>Grossm\u00f6we mit schlanker Gestalt<\/strong>, langen Fl\u00fcgeln, langen Beinen und langem Schnabel. Oft schon aus Distanz an strukturellen Merkmalen und aufrechter Haltung erkennbar. | Eine der \u00e4ltesten bekannten Steppenm\u00f6wen ist die rot markierte \u201eK793\u201c, die 1999 in Weissrussland beringt wurde und bis mind. im Winter 2022\/23 allj\u00e4hrlich in Kreuzlingen\/Konstanz am Bodensee angetroffen wurde. \u2192 Markierte M\u00f6wen | In Polen (und anderen Orten) hybridisieren sich Steppenm\u00f6wen zunehmend mit Silberm\u00f6wen. Solche Hybridm\u00f6wen k\u00f6nnen seitdem auch in der Schweiz und am Bodensee beobachtet werden, zumindest solche, die zu Verdacht einer Hybridm\u00f6we Anlass geben.\u00a0 \u2192 <strong>Topografie der Steppenm\u00f6we<\/strong> siehe unten rechts.[\/vc_message][vc_message message_box_color=&#187;chino&#187; css=&#187;&#187;]<strong>Allgemeiner Hinweis<\/strong><br \/>\nDie Beinfarbe ist nur bei adulten M\u00f6wen ein relativ verl\u00e4ssliches Merkmal. Bei immaturen V\u00f6geln und Adulten im Sommer bzw. in der Vollmauser sollte die Beinfarbe nicht als Indiz herangezogen werden.[\/vc_message][vc_row_inner][vc_column_inner][vc_single_image image=&#187;7807&#8243; img_size=&#187;full&#187; add_caption=&#187;yes&#187; css=&#187;&#187;][vc_column_text css=&#187;&#187;]Die ge\u00f6ffneten Fl\u00fcgel von Steppenm\u00f6we \u201eP506\u201c zeigen einige der besten Merkmale zur Bestimmung der Art (adult): HS10 mit ganz weissem Apikalfleck (Spitzenfleck), HS5 hier mit kleiner schwarzer Markierung, sonst mit deutlichem Subterminalband sowie die \u201egrauen Zungen\u201c der Handschwingen, die ins Schwarz des Handfl\u00fcgels hineinlaufen. Bei der Mittelmeerm\u00f6we ist die Spitze von HS10 auch weiss, in der Regel aber mit einer schwarzen Subterminalbinde. Und die \u201egrauen Zungen\u201c laufen nur ganz wenig ins Schwarz der Fl\u00fcgelspitze. Aufnahme 20.12.2017, Arbon TG, Foto und Beschriftung: Stephan Tr\u00f6sch[\/vc_column_text][vc_separator border_width=&#187;4&#8243; css=&#187;&#187;][\/vc_column_inner][\/vc_row_inner][\/vc_column][\/vc_row][vc_row][vc_column width=&#187;1\/3&#8243;][vc_single_image image=&#187;7493&#8243; img_size=&#187;full&#187; add_caption=&#187;yes&#187; onclick=&#187;link_image&#187; css=&#187;&#187;][vc_single_image image=&#187;7519&#8243; img_size=&#187;full&#187; add_caption=&#187;yes&#187; onclick=&#187;link_image&#187; css=&#187;&#187;][vc_single_image image=&#187;7838&#8243; img_size=&#187;full&#187; add_caption=&#187;yes&#187; onclick=&#187;link_image&#187; css=&#187;&#187;][vc_single_image image=&#187;7452&#8243; img_size=&#187;full&#187; add_caption=&#187;yes&#187; onclick=&#187;link_image&#187; css=&#187;&#187;][\/vc_column][vc_column width=&#187;1\/3&#8243;][vc_single_image image=&#187;7473&#8243; img_size=&#187;full&#187; add_caption=&#187;yes&#187; onclick=&#187;link_image&#187; css=&#187;&#187;][vc_single_image image=&#187;7850&#8243; img_size=&#187;full&#187; add_caption=&#187;yes&#187; onclick=&#187;link_image&#187; css=&#187;&#187;][vc_single_image image=&#187;7868&#8243; img_size=&#187;full&#187; add_caption=&#187;yes&#187; onclick=&#187;link_image&#187; css=&#187;&#187;][\/vc_column][vc_column width=&#187;1\/3&#8243;][vc_column_text css=&#187;&#187;]<\/p>\n<h3 class=\"wp-block-heading\">Steppenm\u00f6we\u00a0<strong>adult<\/strong> (Winter)<\/h3>\n<ul class=\"wp-block-list\">\n<li>Heller grauer Mantel<\/li>\n<li><strong>Beine\u00a0<\/strong>blassgelb, oder auch grau-gr\u00fcnlich und sogar fleischfarben (Achtung: Silberm\u00f6we), aber nie kr\u00e4ftig dunkelgelb wie bei Mittelmeerm\u00f6we.<\/li>\n<li>Bei ruhenden V\u00f6geln mit auff\u00e4llig\u00a0<strong>flacher Stirn und rundem Hinterkopf<\/strong>\u00a0mit\u00a0<strong>Scheitelpunkt\u00a0<\/strong>hinter dem Auge.<\/li>\n<li><strong>Schnabel\u00a0<\/strong>lang und schmal (zwei Bleistifth\u00e4lften) mit viel flacherer Schnabelspitze als bei Mittelmeerm\u00f6we.<\/li>\n<li><strong>Gonys\u00a0<\/strong>schwach, oft blassrot und\/oder schw\u00e4rzlich gef\u00e4rbt<\/li>\n<li><strong>Beine\u00a0<\/strong>auffallend d\u00fcnn und lang (im Vergleich zu Mittelmeerm\u00f6we)<\/li>\n<li>Die\u00a0<strong>Handschwingen<\/strong>\u00a0sind eines der\u00a0<strong>besten Merkmale<\/strong>\u00a0der Steppenm\u00f6we: Auff\u00e4llig sind beim stehenden Vogel mit ge\u00f6ffneten Fl\u00fcgeln oder beim fliegenden Vogel die\u00a0<strong>ins Schwarz der Handschwingenspitze laufende \u201egraue Zungen\u201c<\/strong>. Ferner . . .<\/li>\n<li><strong>HS10<\/strong>\u00a0mit grossem, weissen Spitzenfleck ohne schwarzes Subterminalband wie bei der Mittelmeerm\u00f6we. Ausnahmen kommen vor, sind aber selten.<\/li>\n<li><strong>Zu beachten gilt<\/strong>, dass die \u2192 Silberm\u00f6we auch eine ganz weisse HS10-Spitze hat, aber mit weiteren Merkmalen unterscheidbar ist.<\/li>\n<li><strong>HS5<\/strong>\u00a0weiss mit schwarzem Subterminalband (wie Mittelmeerm\u00f6we).<\/li>\n<\/ul>\n<p>[\/vc_column_text][vc_message message_box_style=&#187;solid-icon&#187; message_box_color=&#187;grey&#187; icon_fontawesome=&#187;fa fa-solid fa-binoculars&#187; css=&#187;&#187;]<\/p>\n<h3>Steppenm\u00f6we im Fokus . . .<\/h3>\n<p>Beachte beim fliegenden Vogel die Fl\u00fcgelspitze (Handfl\u00fcgel): In der schwarzen Fl\u00fcgelspitze sind die in sie hineinlaufenden grauen Zungen gut erkennbar. Das ist ein gutes Merkmal beim offenen Fl\u00fcgel, neben der \u00e4ussersten Handschwinge 10 (HS 10), dessen Spitze in den meisten F\u00e4llen ganz weiss ist.[\/vc_message][\/vc_column][\/vc_row][vc_row][vc_column][vc_separator css=&#187;&#187;][\/vc_column][\/vc_row][vc_row][vc_column width=&#187;1\/3&#8243;][vc_single_image image=&#187;7835&#8243; img_size=&#187;full&#187; add_caption=&#187;yes&#187; onclick=&#187;link_image&#187; css=&#187;&#187;][\/vc_column][vc_column width=&#187;1\/3&#8243;][vc_single_image image=&#187;7836&#8243; img_size=&#187;full&#187; add_caption=&#187;yes&#187; onclick=&#187;link_image&#187; css=&#187;&#187;][vc_single_image image=&#187;7833&#8243; img_size=&#187;full&#187; add_caption=&#187;yes&#187; onclick=&#187;link_image&#187; css=&#187;&#187;][\/vc_column][vc_column width=&#187;1\/3&#8243;][vc_column_text css=&#187;&#187;]<\/p>\n<h3 class=\"wp-block-heading\">Steppenm\u00f6we\u00a0<strong>1. Winter<\/strong> (September, 1.KJ \u2013 Mai, 2.KJ)<\/h3>\n<ul class=\"wp-block-list\">\n<li><strong>Strukturelle Merkmale<\/strong>\u00a0wie bei Adulten: Flache Stirn, oft aufrechte Haltung mit vorgestreckter Brust, langer und schmaler Schnabel, der an der Basis bereits aufgehellt ist, hochbeinig wirkend, schlanke Gestalt mit langen Fl\u00fcgeln.<\/li>\n<li><strong>Deutlich heller als Mittelmeerm\u00f6we im 1. Winter<\/strong>. Kopf recht fr\u00fch weiss mit stark kontrastrierender Halskrause (feine Strichelungen).<\/li>\n<li><strong>Mit mehr Grauanteil auf dem R\u00fccken als gleichaltrige Mittelmeerm\u00f6wen<\/strong>. Die dunklen Markierungen sind aber viel feiner (feine Schaftstriche und\/oder feine Anker oder kleine Rhomben) als bei Mittelmeerm\u00f6wen. Beachte die Variationsbreite.<\/li>\n<li>Zweifarbige Grossen Decken (dunkle Basis mit aufgehellter Spitze)<\/li>\n<li>Oft mit vermauserten Armdecken oder sogar Schirmfedern mit einem \u00e4hnlichen Muster wie die frischen Schulterfedern<\/li>\n<li>Armdecken sind vielfach sehr \u00e4hnlich gef\u00e4rbt wie bei juvenilen Mittelmeerm\u00f6wen, die Basen der Armdecken sind unmarkiert und bilden eine Art \u201eFl\u00fcgelbinde\u201c entlang der Basen der grossen Armdecken und den Spitzen der mittleren Armdecken.<\/li>\n<li>Keine dunkle Markierung um\u2019s Auge (wie bei der Mittelmeerm\u00f6we). Sticht daher st\u00e4rker hervor.<\/li>\n<\/ul>\n<p>[\/vc_column_text][\/vc_column][\/vc_row][vc_row][vc_column][vc_separator css=&#187;&#187;][\/vc_column][\/vc_row][vc_row][vc_column width=&#187;1\/3&#8243;][vc_single_image image=&#187;7505&#8243; img_size=&#187;full&#187; add_caption=&#187;yes&#187; onclick=&#187;link_image&#187; css=&#187;&#187;][vc_single_image image=&#187;7460&#8243; img_size=&#187;full&#187; add_caption=&#187;yes&#187; onclick=&#187;link_image&#187; css=&#187;&#187;][vc_single_image image=&#187;7503&#8243; img_size=&#187;full&#187; add_caption=&#187;yes&#187; onclick=&#187;link_image&#187; css=&#187;&#187;][\/vc_column][vc_column width=&#187;1\/3&#8243;][vc_single_image image=&#187;7468&#8243; img_size=&#187;full&#187; add_caption=&#187;yes&#187; onclick=&#187;link_image&#187; css=&#187;&#187;][vc_single_image image=&#187;7459&#8243; img_size=&#187;full&#187; add_caption=&#187;yes&#187; onclick=&#187;link_image&#187; css=&#187;&#187;][vc_single_image image=&#187;7846&#8243; img_size=&#187;full&#187; add_caption=&#187;yes&#187; onclick=&#187;link_image&#187; css=&#187;&#187;][\/vc_column][vc_column width=&#187;1\/3&#8243;][vc_column_text css=&#187;&#187;]<\/p>\n<h3 class=\"wp-block-heading\">Steppenm\u00f6we\u00a0<strong>2. Winter<\/strong> (August, 2.KJ \u2013 Mai, 3.KJ)<\/h3>\n<ul class=\"wp-block-list\">\n<li>Oft schon mit\u00a0<strong>kleinem Subapikalfleck<\/strong>\u00a0auf \u00e4usserster Handschwinge (HS10).<\/li>\n<li><strong>Heller grauer R\u00fccken<\/strong>\u00a0und stark aufgehellte, gr\u00fcnlichgelbliche Schnabelbasis.<\/li>\n<li><strong>Mittlere Armdecken grau<\/strong><\/li>\n<li><strong>Kleine und Grosse Armdecken<\/strong>\u00a0noch mehrheitlich br\u00e4unlich, mit schwachen weisslichen Markierungen. Beachte, dass es diesbez\u00fcglich grosse Unterschiede geben kann!<\/li>\n<li><strong>Kopf ganz weiss<\/strong>, mit stark kontrastrierendem Nackenband (Strichelungen).<\/li>\n<\/ul>\n<p>[\/vc_column_text][vc_single_image image=&#187;7831&#8243; img_size=&#187;full&#187; add_caption=&#187;yes&#187; onclick=&#187;link_image&#187; css=&#187;&#187;][\/vc_column][\/vc_row][vc_row][vc_column][vc_separator css=&#187;&#187;][\/vc_column][\/vc_row][vc_row][vc_column width=&#187;1\/3&#8243;][\/vc_column][vc_column width=&#187;1\/3&#8243;][vc_single_image image=&#187;8183&#8243; img_size=&#187;full&#187; add_caption=&#187;yes&#187; onclick=&#187;link_image&#187; css=&#187;&#187;][\/vc_column][vc_column width=&#187;1\/3&#8243;][vc_column_text css=&#187;&#187;]<\/p>\n<h3 class=\"wp-block-heading\">Steppenm\u00f6we 3<strong>. Winter<\/strong> (August, 3.KJ \u2013 Mai, 4.KJ)<\/h3>\n<ul class=\"wp-block-list\">\n<li><\/li>\n<\/ul>\n<p>[\/vc_column_text][\/vc_column][\/vc_row][vc_row][vc_column][vc_column_text css=&#187;&#187;]<\/p>\n<pre>Teste Deine M\u00f6wenkenntnisse: \u2192 <a href=\"https:\/\/stephantroesch.ch\/index.php\/swissgulls\/test-und-uebungen-moewenbestimmung\/\">Test und \u00dcbungen M\u00f6wenkenntnisse<\/a><\/pre>\n<p>[\/vc_column_text][\/vc_column][\/vc_row]<\/p>\n<\/div>","protected":false},"excerpt":{"rendered":"<p>[vc_row][vc_column][vc_column_text css=&#187;&#187;] M\u00f6wenarten: \u2192 Lachm\u00f6we \u2192 Sturmm\u00f6we \u2192 Schwarzkopfm\u00f6we \u2192 Mittelmeerm\u00f6we \u2192 Steppenm\u00f6we \u2192 Silberm\u00f6we \u2192 Heringsm\u00f6we Bestimmungshilfen: \u2192 Gefieder-Topografie einer Grossm\u00f6we | Die Mauser der M\u00f6wen [\/vc_column_text][\/vc_column][\/vc_row][vc_row][vc_column width=&#187;1\/2&#8243;][vc_column_text css=&#187;&#187;] Steppenm\u00f6we Larus cachinnans | Caspian Gull Status und Ph\u00e4nologie Schweiz Ph\u00e4nologie: Angaben aus MAUMARY et al. (2007) und (KNAUS et al.(2018).[\/vc_column_text][\/vc_column][vc_column width=&#187;1\/2&#8243;][vc_single_image image=&#187;7458&#8243; img_size=&#187;full&#187; add_caption=&#187;yes&#187;&hellip;<\/p>\n","protected":false},"author":1,"featured_media":7473,"parent":7412,"menu_order":0,"comment_status":"closed","ping_status":"closed","template":"","meta":{"_acf_changed":false,"footnotes":""},"class_list":["post-7589","page","type-page","status-publish","has-post-thumbnail","hentry"],"acf":[],"_links":{"self":[{"href":"https:\/\/stephantroesch.ch\/index.php\/wp-json\/wp\/v2\/pages\/7589","targetHints":{"allow":["GET"]}}],"collection":[{"href":"https:\/\/stephantroesch.ch\/index.php\/wp-json\/wp\/v2\/pages"}],"about":[{"href":"https:\/\/stephantroesch.ch\/index.php\/wp-json\/wp\/v2\/types\/page"}],"author":[{"embeddable":true,"href":"https:\/\/stephantroesch.ch\/index.php\/wp-json\/wp\/v2\/users\/1"}],"replies":[{"embeddable":true,"href":"https:\/\/stephantroesch.ch\/index.php\/wp-json\/wp\/v2\/comments?post=7589"}],"version-history":[{"count":52,"href":"https:\/\/stephantroesch.ch\/index.php\/wp-json\/wp\/v2\/pages\/7589\/revisions"}],"predecessor-version":[{"id":8202,"href":"https:\/\/stephantroesch.ch\/index.php\/wp-json\/wp\/v2\/pages\/7589\/revisions\/8202"}],"up":[{"embeddable":true,"href":"https:\/\/stephantroesch.ch\/index.php\/wp-json\/wp\/v2\/pages\/7412"}],"wp:featuredmedia":[{"embeddable":true,"href":"https:\/\/stephantroesch.ch\/index.php\/wp-json\/wp\/v2\/media\/7473"}],"wp:attachment":[{"href":"https:\/\/stephantroesch.ch\/index.php\/wp-json\/wp\/v2\/media?parent=7589"}],"curies":[{"name":"wp","href":"https:\/\/api.w.org\/{rel}","templated":true}]}}