{"id":7802,"date":"2025-11-30T21:02:59","date_gmt":"2025-11-30T21:02:59","guid":{"rendered":"https:\/\/stephantroesch.ch\/?page_id=7802"},"modified":"2025-12-10T12:28:39","modified_gmt":"2025-12-10T12:28:39","slug":"topografie-gefieder-einer-grossmoewe","status":"publish","type":"page","link":"https:\/\/stephantroesch.ch\/index.php\/swissgulls\/topografie-gefieder-einer-grossmoewe\/","title":{"rendered":"Topografie einer Grossm\u00f6we"},"content":{"rendered":"<div class=\"wpb-content-wrapper\"><p>[vc_row][vc_column][vc_column_text css=&#187;&#187;]<\/p>\n<h2>Gefiedertopografie einer Grossm\u00f6we<\/h2>\n<p>[\/vc_column_text][\/vc_column][\/vc_row][vc_row][vc_column width=&#187;1\/2&#8243;][vc_single_image image=&#187;8154&#8243; img_size=&#187;full&#187; add_caption=&#187;yes&#187; onclick=&#187;link_image&#187;][\/vc_column][vc_column width=&#187;1\/2&#8243;][vc_message message_box_color=&#187;chino&#187; icon_fontawesome=&#187;fa fa-solid fa-feather-pointed&#187; css=&#187;&#187;]<\/p>\n<h3>Topografie<\/h3>\n<p>Das Benennen der einzelnen K\u00f6rper- und Gefiederteile ist von zentraler Bedeutung f\u00fcr die Bestimmung von M\u00f6wen, generell von allen V\u00f6geln. Die Fachterminologie findet sich in den meisten aktuellen Bestimmungsb\u00fcchern und sollte eingehend ge\u00fcbt werden.[\/vc_message][\/vc_column][\/vc_row][vc_row][vc_column width=&#187;1\/2&#8243;][vc_single_image image=&#187;5630&#8243; img_size=&#187;full&#187; add_caption=&#187;yes&#187; css=&#187;&#187;][\/vc_column][vc_column width=&#187;1\/2&#8243;][vc_message message_box_color=&#187;chino&#187; icon_fontawesome=&#187;fa fa-solid fa-feather-pointed&#187; css=&#187;&#187;]<\/p>\n<h3>Fliegende adulte Grossm\u00f6wen<\/h3>\n<p>Das Augenmerk liegt v. a. auf den strukturellen Merkmalen der \u00e4ussersten Handschwingen (HS 5 bis HS 10). Beim fliegenden Vogel sind sie meistens nur mit einem fotografischen Beleg gut erkennbar. Beim stehenden Vogel kann etwas Geduld das gew\u00fcnschte &#171;Fl\u00fcgel\u00f6ffnen&#187; bringen, etwa bei der Landung eines Vogels auf einem Pfosten oder bei Interaktionen mit anderen M\u00f6wen.<\/p>\n<p>Die idealtypischen Unterschiede in den Fl\u00fcgelspitzen von adulten Grossm\u00f6wen sind bei den einzelnen Arten im Detail beschrieben.[\/vc_message][\/vc_column][\/vc_row][vc_row][vc_column width=&#187;1\/2&#8243;][vc_single_image image=&#187;7807&#8243; img_size=&#187;full&#187; add_caption=&#187;yes&#187;][\/vc_column][vc_column width=&#187;1\/2&#8243;][vc_message message_box_color=&#187;chino&#187; icon_fontawesome=&#187;fa fa-solid fa-feather-pointed&#187; css=&#187;&#187;]<\/p>\n<h3><strong>Sicherheit in der Bestimmung der Referenzarten<\/strong><\/h3>\n<h3>Abbildung links: Steppenm\u00f6we mit offenen Fl\u00fcgeln<\/h3>\n<p>F\u00fcr die Bestimmung von Steppenm\u00f6wen und Silberm\u00f6wen ist es ratsam, sich zuerst mit den h\u00e4ufigeren klein- bis mittelgrossen M\u00f6wenarten im Detail, d.h. mit allen Alterskleidern vertraut zu machen. Dazu geh\u00f6ren die \u2192 <a href=\"https:\/\/stephantroesch.ch\/index.php\/swissgulls\/lachmoewe\/\">Lachm\u00f6we<\/a> (2 Alterskleider), die \u2192 <a href=\"https:\/\/stephantroesch.ch\/index.php\/swissgulls\/sturmmoewe-2\/\">Sturmm\u00f6we<\/a> (3 Alterskleider) und die \u2192 <a href=\"https:\/\/stephantroesch.ch\/index.php\/swissgulls\/schwarzkopfmoewe\/\">Schwarzkopfm\u00f6we<\/a> (3 Alterskleider).<\/p>\n<p>Bei den Grossm\u00f6wen betrifft dies die \u2192 <a href=\"https:\/\/stephantroesch.ch\/index.php\/swissgulls\/mittelmeermoewe\/\">Mittelmeerm\u00f6we<\/a>, welche mit 4 Altersklassen bereits eine Herausforderung sein kann. Auf Grund der unterschiedlichen, relativen H\u00e4ufigkeit von im Feld anzutreffenden Altersklassen, empfehle ich die adulten Individuen und jene im 1. Winterkleid mit Sicherheit ansprechen zu k\u00f6nnen.[\/vc_message][\/vc_column][\/vc_row]<\/p>\n<\/div>","protected":false},"excerpt":{"rendered":"<p>[vc_row][vc_column][vc_column_text css=&#187;&#187;] Gefiedertopografie einer Grossm\u00f6we [\/vc_column_text][\/vc_column][\/vc_row][vc_row][vc_column width=&#187;1\/2&#8243;][vc_single_image image=&#187;8154&#8243; img_size=&#187;full&#187; add_caption=&#187;yes&#187; onclick=&#187;link_image&#187;][\/vc_column][vc_column width=&#187;1\/2&#8243;][vc_message message_box_color=&#187;chino&#187; icon_fontawesome=&#187;fa fa-solid fa-feather-pointed&#187; css=&#187;&#187;] Topografie Das Benennen der einzelnen K\u00f6rper- und Gefiederteile ist von zentraler Bedeutung f\u00fcr die Bestimmung von M\u00f6wen, generell von allen V\u00f6geln. Die Fachterminologie findet sich in den meisten aktuellen Bestimmungsb\u00fcchern und sollte eingehend ge\u00fcbt werden.[\/vc_message][\/vc_column][\/vc_row][vc_row][vc_column width=&#187;1\/2&#8243;][vc_single_image image=&#187;5630&#8243; img_size=&#187;full&#187;&hellip;<\/p>\n","protected":false},"author":1,"featured_media":0,"parent":7412,"menu_order":0,"comment_status":"closed","ping_status":"closed","template":"","meta":{"_acf_changed":false,"footnotes":""},"class_list":["post-7802","page","type-page","status-publish","hentry"],"acf":[],"_links":{"self":[{"href":"https:\/\/stephantroesch.ch\/index.php\/wp-json\/wp\/v2\/pages\/7802","targetHints":{"allow":["GET"]}}],"collection":[{"href":"https:\/\/stephantroesch.ch\/index.php\/wp-json\/wp\/v2\/pages"}],"about":[{"href":"https:\/\/stephantroesch.ch\/index.php\/wp-json\/wp\/v2\/types\/page"}],"author":[{"embeddable":true,"href":"https:\/\/stephantroesch.ch\/index.php\/wp-json\/wp\/v2\/users\/1"}],"replies":[{"embeddable":true,"href":"https:\/\/stephantroesch.ch\/index.php\/wp-json\/wp\/v2\/comments?post=7802"}],"version-history":[{"count":15,"href":"https:\/\/stephantroesch.ch\/index.php\/wp-json\/wp\/v2\/pages\/7802\/revisions"}],"predecessor-version":[{"id":8163,"href":"https:\/\/stephantroesch.ch\/index.php\/wp-json\/wp\/v2\/pages\/7802\/revisions\/8163"}],"up":[{"embeddable":true,"href":"https:\/\/stephantroesch.ch\/index.php\/wp-json\/wp\/v2\/pages\/7412"}],"wp:attachment":[{"href":"https:\/\/stephantroesch.ch\/index.php\/wp-json\/wp\/v2\/media?parent=7802"}],"curies":[{"name":"wp","href":"https:\/\/api.w.org\/{rel}","templated":true}]}}