{"id":7872,"date":"2025-12-01T12:15:43","date_gmt":"2025-12-01T12:15:43","guid":{"rendered":"https:\/\/stephantroesch.ch\/?page_id=7872"},"modified":"2026-01-03T16:21:17","modified_gmt":"2026-01-03T16:21:17","slug":"test-und-uebungen-moewenbestimmung","status":"publish","type":"page","link":"https:\/\/stephantroesch.ch\/index.php\/swissgulls\/test-und-uebungen-moewenbestimmung\/","title":{"rendered":"M\u00f6wenbestimmung \u00dcbungen"},"content":{"rendered":"<div class=\"wpb-content-wrapper\"><p>[vc_row][vc_column][vc_column_text css=&#187;&#187;]<\/p>\n<h1><strong>M\u00f6wenbestimmung &#8212; \u00dcbungen<\/strong><\/h1>\n<pre><span style=\"color: #333399;\"><strong>Vorgehen:<\/strong><\/span> Klicke auf das Bild zur Vergr\u00f6sserung \u2192 beginne mit dem Alter der M\u00f6we \u2192 notiere, was Du als Merkmale siehst \u2192 Bestimme die Art\r\n\u2192 Klicke auf das Bild zum Schliessen \u2192 Klicke auf die L\u00f6sung \r\nHinweise: 1. Das Beobachtungsdatum steht unten am Bildrand, 2. Die Fotos d\u00fcrfen f\u00fcr \u00dcbungszwecke heruntgeladen werden.\r\n<strong><span style=\"color: #333399;\">Legende:<\/span><\/strong> * = einfache(re) \u00dcbung, ** = mittel-schwierig, *** = evtl. eine Herausforderung<\/pre>\n<p>[\/vc_column_text][\/vc_column][\/vc_row][vc_row][vc_column width=&#187;1\/3&#8243;][vc_single_image image=&#187;7875&#8243; img_size=&#187;full&#187; add_caption=&#187;yes&#187; onclick=&#187;link_image&#187; css=&#187;&#187; title=&#187;\u00dcbung 1 **&#187;][vc_toggle title=&#187;Aufl\u00f6sung \u00dcbung 1&#8243; css=&#187;&#187;]<\/p>\n<pre>Steppenm\u00f6we, adult\r\n<\/pre>\n<ul>\n<li>Im ganzen K\u00f6rper sind keine braune Markierungen mehr sichtbar<\/li>\n<li>Vogel weiss, grau und schwarz = adult<\/li>\n<li>schlanker K\u00f6rper<\/li>\n<li>aufrechte K\u00f6rperhaltung<\/li>\n<li>lange, d\u00fcnne Beine<\/li>\n<li>langer, schmaler Schnabel<\/li>\n<\/ul>\n<pre>\u2192 Bestimmungsseite <a href=\"https:\/\/stephantroesch.ch\/index.php\/swissgulls\/steppenmoewe\/\">Steppenm\u00f6we<\/a><\/pre>\n<p>[\/vc_toggle][\/vc_column][vc_column width=&#187;1\/3&#8243;][vc_single_image image=&#187;7893&#8243; img_size=&#187;full&#187; add_caption=&#187;yes&#187; onclick=&#187;link_image&#187; css=&#187;&#187; title=&#187;\u00dcbung 2 *&#187;][vc_toggle title=&#187;Aufl\u00f6sung \u00dcbung 2&#8243; css=&#187;&#187;]<\/p>\n<pre>Steppenm\u00f6we, adult\r\n<\/pre>\n<ul>\n<li>Im ganzen K\u00f6rper sind keine braune Markierungen mehr sichtbar<\/li>\n<li>Vogel weiss, grau und schwarz = adult<\/li>\n<li>schlanker K\u00f6rper<\/li>\n<li>aufrechte K\u00f6rperhaltung<\/li>\n<li>lange, d\u00fcnne, blass-rosafarbene Beine<\/li>\n<li>langer, schmaler Schnabel<\/li>\n<li>HS 10-Spitze ganz weiss<\/li>\n<li>HS 5-Spitze mit kleinem, schwarzen Subterminalband<\/li>\n<\/ul>\n<pre>\u2192 Bestimmungsseite <a href=\"https:\/\/stephantroesch.ch\/index.php\/swissgulls\/steppenmoewe\/\">Steppenm\u00f6we<\/a><\/pre>\n<p>[\/vc_toggle][\/vc_column][vc_column width=&#187;1\/3&#8243;][vc_single_image image=&#187;7899&#8243; img_size=&#187;full&#187; add_caption=&#187;yes&#187; onclick=&#187;link_image&#187; css=&#187;&#187; title=&#187;\u00dcbung 3 *&#187;][vc_toggle title=&#187;Aufl\u00f6sung \u00dcbung 3&#8243; css=&#187;&#187;]<\/p>\n<pre>Mittelmeerm\u00f6we, 1. Winter | 2.KJ\r\n<\/pre>\n<ul>\n<li>Kompakte Gestalt mit viel &#8218;Braun&#8216; im Gefieder, Vogel wirkt dunkel<\/li>\n<li>schwarzer Schnabel, ganz leicht an der Basis aufgehellt<\/li>\n<li>dunkle Markierungen ums Auge<\/li>\n<li>Schulterfedern (R\u00fccken) vermausert, mit grossen, dunklen Ankerzeichen durchsetzt<\/li>\n<li>eher rundlicher Kopf<\/li>\n<\/ul>\n<pre>\u2192 Bestimmungsseite <a href=\"https:\/\/stephantroesch.ch\/index.php\/swissgulls\/mittelmeermoewe\/\">Mittelmeerm\u00f6we<\/a><\/pre>\n<p>[\/vc_toggle][\/vc_column][\/vc_row][vc_row][vc_column][vc_separator css=&#187;&#187;][\/vc_column][\/vc_row][vc_row][vc_column width=&#187;1\/3&#8243;][vc_single_image image=&#187;7903&#8243; img_size=&#187;full&#187; add_caption=&#187;yes&#187; onclick=&#187;link_image&#187; css=&#187;&#187; title=&#187;\u00dcbung 4 **&#187;][vc_toggle title=&#187;Aufl\u00f6sung \u00dcbung 4&#8243; css=&#187;&#187;]<\/p>\n<pre>Schwarzkopfm\u00f6we, 1.KJ (21.09.2007)\r\n<\/pre>\n<ul>\n<li>Die Schulterfedern sind teilweise vermausert (rein weisse Federn)<\/li>\n<li>Armdecken zeigen noch die F\u00e4rbung\/das Muster des Jugendkleides<\/li>\n<li>Schnabel mit dunkler (schw\u00e4rzlicher) Spitze<\/li>\n<li>dunkle, schw\u00e4rzliche Beine<\/li>\n<li>weisse Augenklammern erkennbar<\/li>\n<\/ul>\n<pre>\u2192 Bestimmungsseite Schwarzkopfm\u00f6we<\/pre>\n<p>[\/vc_toggle][\/vc_column][vc_column width=&#187;1\/3&#8243;][vc_single_image image=&#187;8186&#8243; img_size=&#187;full&#187; add_caption=&#187;yes&#187; onclick=&#187;link_image&#187; css=&#187;&#187; title=&#187;\u00dcbung 5 **&#187;][vc_toggle title=&#187;Aufl\u00f6sung \u00dcbung 5&#8243; css=&#187;&#187;]<\/p>\n<pre>M\u00f6wenmix<\/pre>\n<p>v.l.n.r.: Mittelmeerm\u00f6we, adult; Mittelmeerm\u00f6we, adult; Steppenm\u00f6we, adult<br \/>\nDie sich abwendende M\u00f6we ist nicht bestimmbar.<\/p>\n<pre>\u2192 Bestimmungsseite <a href=\"https:\/\/stephantroesch.ch\/index.php\/swissgulls\/mittelmeermoewe\/\">Mittelmeerm\u00f6we<\/a><\/pre>\n<p>[\/vc_toggle][\/vc_column][vc_column width=&#187;1\/3&#8243;][vc_single_image image=&#187;7902&#8243; img_size=&#187;full&#187; add_caption=&#187;yes&#187; onclick=&#187;link_image&#187; css=&#187;&#187; title=&#187;\u00dcbung 6 **&#187;][vc_toggle title=&#187;Aufl\u00f6sung \u00dcbung 6&#8243; css=&#187;&#187;]<\/p>\n<pre>Mittelmeerm\u00f6we, adult\r\n<\/pre>\n<ul>\n<li>Weiss-grau-schwarzer K\u00f6rper = adult<\/li>\n<li>dunkelgelbe, kr\u00e4ftige Beine<\/li>\n<li>dunkelgelber Schnabel (mit Farbpigmenten o. \u00e4. durchsetzt)<\/li>\n<li>runder, grosser Kopf<\/li>\n<li>helles Auge<\/li>\n<\/ul>\n<pre>\u2192 Bestimmungsseite <a href=\"https:\/\/stephantroesch.ch\/index.php\/swissgulls\/mittelmeermoewe\/\">Mittelmeerm\u00f6we<\/a><\/pre>\n<p>[\/vc_toggle][\/vc_column][\/vc_row][vc_row][vc_column][vc_separator][\/vc_column][\/vc_row][vc_row][vc_column width=&#187;1\/3&#8243;][vc_single_image image=&#187;8105&#8243; img_size=&#187;full&#187; add_caption=&#187;yes&#187; onclick=&#187;link_image&#187; css=&#187;&#187; title=&#187;\u00dcbung 7 ***&#187;][vc_toggle title=&#187;Aufl\u00f6sung \u00dcbung 7&#8243; css=&#187;&#187;]<\/p>\n<pre><strong>Arbon TG, 25.01.2017<\/strong><\/pre>\n<p>Silberm\u00f6we, 2. Winter (noch ohne Apikalflecke)<\/p>\n<p>\u2192 Bestimmungsseite <a href=\"https:\/\/stephantroesch.ch\/index.php\/swissgulls\/silbermoewe\/\">Silberm\u00f6we<\/a>[\/vc_toggle][\/vc_column][vc_column width=&#187;1\/3&#8243;][vc_single_image image=&#187;7904&#8243; img_size=&#187;full&#187; add_caption=&#187;yes&#187; onclick=&#187;link_image&#187; css=&#187;&#187; title=&#187;\u00dcbung 8 **&#187;][vc_toggle title=&#187;Aufl\u00f6sung \u00dcbung 8&#8243; css=&#187;&#187;]<\/p>\n<pre><strong>22.01.2011, Rorschach SG<\/strong><\/pre>\n<p>von links nach rechts: Silberm\u00f6we adult, Sturmm\u00f6we adult, Grossm\u00f6we spec. 2. Winter\u00a0 (teilweise verdeckt), Sturmm\u00f6we adut, Lachm\u00f6we adult<\/p>\n<p>Bestimmungsseiten:<br \/>\n\u2192 <a href=\"https:\/\/stephantroesch.ch\/index.php\/swissgulls\/silbermoewe\/\">Silberm\u00f6we<\/a> | <a href=\"https:\/\/stephantroesch.ch\/index.php\/swissgulls\/sturmmoewe-2\/\">Sturmm\u00f6we<\/a> | <a href=\"https:\/\/stephantroesch.ch\/index.php\/swissgulls\/lachmoewe\/\">Lachm\u00f6we<\/a>[\/vc_toggle][\/vc_column][vc_column width=&#187;1\/3&#8243;][vc_single_image image=&#187;7950&#8243; img_size=&#187;full&#187; add_caption=&#187;yes&#187; onclick=&#187;link_image&#187; css=&#187;&#187; title=&#187;\u00dcbung 9 *&#187;][vc_toggle title=&#187;Aufl\u00f6sung \u00dcbung 9&#8243; css=&#187;&#187;]<\/p>\n<pre><strong>09.06.2010, Vorarlberger Rheindelta<\/strong><\/pre>\n<p>von links nach rechts: Schwarzkopfm\u00f6we (2. Sommer, subadult), Lachm\u00f6we (adult), Schwarzkopfm\u00f6we (adult\/Subadult, nicht erkennbar), Schwarzkopfm\u00f6we (adult).<\/p>\n<p>\u2192 Bestimmungsseite <a href=\"https:\/\/stephantroesch.ch\/index.php\/swissgulls\/schwarzkopfmoewe\/\">Schwarzkopfm\u00f6we<\/a>[\/vc_toggle][\/vc_column][\/vc_row][vc_row][vc_column][vc_separator][\/vc_column][\/vc_row][vc_row][vc_column width=&#187;1\/3&#8243;][vc_single_image image=&#187;8111&#8243; img_size=&#187;full&#187; add_caption=&#187;yes&#187; onclick=&#187;link_image&#187; css=&#187;&#187; title=&#187;\u00dcbung 10 **&#187;][vc_toggle title=&#187;Aufl\u00f6sung \u00dcbung 10&#8243; css=&#187;&#187;]<\/p>\n<pre><strong>M\u00f6wengruppe<\/strong><\/pre>\n<p>v.l.n.r.: Steppenm\u00f6we, adult und Silberm\u00f6we, 2. Winter<\/p>\n<pre>\u2192 Bestimmungsseite <a href=\"https:\/\/stephantroesch.ch\/index.php\/swissgulls\/steppenmoewe\/\">Steppenm\u00f6we<\/a> | <a href=\"https:\/\/stephantroesch.ch\/index.php\/swissgulls\/silbermoewe\/\">Silberm\u00f6we<\/a><\/pre>\n<p>[\/vc_toggle][\/vc_column][vc_column width=&#187;1\/3&#8243;][vc_single_image image=&#187;7786&#8243; img_size=&#187;full&#187; add_caption=&#187;yes&#187; onclick=&#187;link_image&#187; css=&#187;&#187; title=&#187;\u00dcbung 11 **&#187;][vc_toggle title=&#187;Aufl\u00f6sung \u00dcbung 11&#8243; css=&#187;&#187;]<\/p>\n<pre><strong>M\u00f6wengruppe<\/strong><\/pre>\n<p>Aufl\u00f6sung folgt.<\/p>\n<p>von links nach rechts:<\/p>\n<pre>\u2192 Bestimmungsseite<\/pre>\n<p>[\/vc_toggle][\/vc_column][vc_column width=&#187;1\/3&#8243;][vc_single_image image=&#187;7959&#8243; img_size=&#187;full&#187; add_caption=&#187;yes&#187; onclick=&#187;link_image&#187; css=&#187;&#187; title=&#187;\u00dcbung 12 **&#187;][vc_toggle title=&#187;Aufl\u00f6sung \u00dcbung 12&#8243; css=&#187;&#187;]<\/p>\n<pre><strong>M\u00f6wengruppe<\/strong><\/pre>\n<p>Aufl\u00f6sung folgt<\/p>\n<p>von links nach rechts:<\/p>\n<pre>\u2192 Bestimmungsseite<\/pre>\n<p>[\/vc_toggle][\/vc_column][\/vc_row][vc_row][vc_column][vc_separator][\/vc_column][\/vc_row][vc_row][vc_column width=&#187;1\/3&#8243;][vc_single_image image=&#187;8180&#8243; img_size=&#187;full&#187; add_caption=&#187;yes&#187; onclick=&#187;link_image&#187; css=&#187;&#187; title=&#187;\u00dcbung 13 ***&#187;][vc_toggle title=&#187;Aufl\u00f6sung \u00dcbung 13&#8243; css=&#187;&#187;]<\/p>\n<pre><strong>03.02.2013, Steinach SG<\/strong><\/pre>\n<p>Steppenm\u00f6we, 2. Winter | 3.KJ<\/p>\n<pre>\u2192 Bestimmungsseite <a href=\"https:\/\/stephantroesch.ch\/index.php\/swissgulls\/steppenmoewe\/\">Steppenm\u00f6we<\/a><\/pre>\n<p>[\/vc_toggle][\/vc_column][vc_column width=&#187;1\/3&#8243;][vc_single_image image=&#187;8217&#8243; img_size=&#187;full&#187; add_caption=&#187;yes&#187; onclick=&#187;link_image&#187; css=&#187;&#187; title=&#187;\u00dcbung 14 *&#187;][vc_toggle title=&#187;Aufl\u00f6sung \u00dcbung 14&#8243; css=&#187;&#187;]<\/p>\n<pre><strong>16.10.2016, Romanshorn TG<\/strong><\/pre>\n<p>Lachm\u00f6we, 1. Winter | 2.KJ<\/p>\n<pre>\u2192 Bestimmungsseite <a href=\"http:\/\/Lachm\u00f6we\">Lachm\u00f6we<\/a><\/pre>\n<p>[\/vc_toggle][\/vc_column][vc_column width=&#187;1\/3&#8243;][vc_single_image image=&#187;8223&#8243; img_size=&#187;full&#187; add_caption=&#187;yes&#187; onclick=&#187;link_image&#187; css=&#187;&#187; title=&#187;\u00dcbung 15 **&#187;][vc_toggle title=&#187;Aufl\u00f6sung \u00dcbung 15&#8243; css=&#187;&#187;]<\/p>\n<pre><strong>23.01.2022, Arbon TG<\/strong><\/pre>\n<p>3x Steppenm\u00f6wen adult<\/p>\n<pre>\u2192 Bestimmungsseite <a href=\"https:\/\/stephantroesch.ch\/index.php\/swissgulls\/steppenmoewe\/\">Steppenm\u00f6we<\/a><\/pre>\n<p>[\/vc_toggle][\/vc_column][\/vc_row]<\/p>\n<\/div>","protected":false},"excerpt":{"rendered":"<p>[vc_row][vc_column][vc_column_text css=&#187;&#187;] M\u00f6wenbestimmung &#8212; \u00dcbungen Vorgehen: Klicke auf das Bild zur Vergr\u00f6sserung \u2192 beginne mit dem Alter der M\u00f6we \u2192 notiere, was Du als Merkmale siehst \u2192 Bestimme die Art \u2192 Klicke auf das Bild zum Schliessen \u2192 Klicke auf die L\u00f6sung Hinweise: 1. Das Beobachtungsdatum steht unten am Bildrand, 2. Die Fotos d\u00fcrfen f\u00fcr&hellip;<\/p>\n","protected":false},"author":1,"featured_media":7502,"parent":7412,"menu_order":0,"comment_status":"closed","ping_status":"closed","template":"","meta":{"_acf_changed":false,"footnotes":""},"class_list":["post-7872","page","type-page","status-publish","has-post-thumbnail","hentry"],"acf":[],"_links":{"self":[{"href":"https:\/\/stephantroesch.ch\/index.php\/wp-json\/wp\/v2\/pages\/7872","targetHints":{"allow":["GET"]}}],"collection":[{"href":"https:\/\/stephantroesch.ch\/index.php\/wp-json\/wp\/v2\/pages"}],"about":[{"href":"https:\/\/stephantroesch.ch\/index.php\/wp-json\/wp\/v2\/types\/page"}],"author":[{"embeddable":true,"href":"https:\/\/stephantroesch.ch\/index.php\/wp-json\/wp\/v2\/users\/1"}],"replies":[{"embeddable":true,"href":"https:\/\/stephantroesch.ch\/index.php\/wp-json\/wp\/v2\/comments?post=7872"}],"version-history":[{"count":36,"href":"https:\/\/stephantroesch.ch\/index.php\/wp-json\/wp\/v2\/pages\/7872\/revisions"}],"predecessor-version":[{"id":8245,"href":"https:\/\/stephantroesch.ch\/index.php\/wp-json\/wp\/v2\/pages\/7872\/revisions\/8245"}],"up":[{"embeddable":true,"href":"https:\/\/stephantroesch.ch\/index.php\/wp-json\/wp\/v2\/pages\/7412"}],"wp:featuredmedia":[{"embeddable":true,"href":"https:\/\/stephantroesch.ch\/index.php\/wp-json\/wp\/v2\/media\/7502"}],"wp:attachment":[{"href":"https:\/\/stephantroesch.ch\/index.php\/wp-json\/wp\/v2\/media?parent=7872"}],"curies":[{"name":"wp","href":"https:\/\/api.w.org\/{rel}","templated":true}]}}