{"id":7983,"date":"2025-12-07T10:59:28","date_gmt":"2025-12-07T10:59:28","guid":{"rendered":"https:\/\/stephantroesch.ch\/?page_id=7983"},"modified":"2025-12-11T08:32:34","modified_gmt":"2025-12-11T08:32:34","slug":"silbermoewe","status":"publish","type":"page","link":"https:\/\/stephantroesch.ch\/index.php\/swissgulls\/silbermoewe\/","title":{"rendered":"Silberm\u00f6we"},"content":{"rendered":"<div class=\"wpb-content-wrapper\"><p>[vc_row][vc_column][vc_column_text css=&#187;&#187;]<\/p>\n<pre><strong>M\u00f6wenarten<\/strong>: \u2192 <a href=\"https:\/\/stephantroesch.ch\/index.php\/swissgulls\/lachmoewe\/\">Lachm\u00f6we<\/a> \u2192 <a href=\"https:\/\/stephantroesch.ch\/index.php\/swissgulls\/sturmmoewe\/\">Sturmm\u00f6we<\/a> \u2192 <a href=\"https:\/\/stephantroesch.ch\/index.php\/swissgulls\/schwarzkopfmoewe\/\">Schwarzkopfm\u00f6we<\/a> \u2192 <a href=\"https:\/\/stephantroesch.ch\/index.php\/swissgulls\/mittelmeermoewe\/\">Mittelmeerm\u00f6we<\/a> \u2192 <a href=\"https:\/\/stephantroesch.ch\/index.php\/swissgulls\/steppenmoewe\/\">Steppenm\u00f6we<\/a> \u2192 Silberm\u00f6we \u2192 Heringsm\u00f6we\r\n<strong>Bestimmungshilfen:<\/strong> \u2192 <a href=\"https:\/\/stephantroesch.ch\/index.php\/swissgulls\/topografie-gefieder-einer-grossmoewe\/\">Gefieder-Topografie einer Grossm\u00f6we<\/a> | Die Mauser der M\u00f6wen | Fliegende Grossm\u00f6wen im 1. Winterkleid<\/pre>\n<p>[\/vc_column_text][\/vc_column][\/vc_row][vc_row][vc_column width=&#187;1\/2&#8243;][vc_column_text css=&#187;&#187;]<\/p>\n<h2><strong>Silberm\u00f6we<\/strong> Larus argentatus | Herring Gull<\/h2>\n<h3 class=\"wp-block-heading\">Status und Ph\u00e4nologie Schweiz<\/h3>\n<ul id=\"block-6ffe674f-02b1-41d7-81ad-c56e5582f708\" class=\"wp-block-list\">\n<li>folgt<\/li>\n<\/ul>\n<p><strong>Ph\u00e4nologie<\/strong>: Der Angaben aus MAUMARY et al. (2007) und (KNAUS et al.(2018).[\/vc_column_text][\/vc_column][vc_column width=&#187;1\/2&#8243;][vc_single_image image=&#187;8086&#8243; img_size=&#187;full&#187; add_caption=&#187;yes&#187; onclick=&#187;link_image&#187; css=&#187;&#187;][\/vc_column][vc_column][vc_message message_box_style=&#187;solid-icon&#187; message_box_color=&#187;grey&#187; icon_fontawesome=&#187;fa fa-solid fa-binoculars&#187; css=&#187;&#187;]<\/p>\n<h3>Feldkennzeichen<\/h3>\n<p><strong>4 Alterskleider<\/strong>\u00a0|\u00a0<strong>Seltene Grossm\u00f6we in der Schweiz und am Bodensee<\/strong>. | Kompakte, meist schwerf\u00e4llig wirkende Grossm\u00f6we, durch kurze, fleischfarbene Beine untersetzt wirkend | adulte V\u00f6gel mit auffallend hellem Auge | F\u00e4rbt sich von allen Grossm\u00f6wen am langsamsten um: Silberm\u00f6wen im 2. Winter wirken oft noch wie solche im 1. Winter, w\u00e4hrend z.B. Steppenm\u00f6wen im 2. Winter schon sehr viel Weiss haben.[\/vc_message][vc_message message_box_color=&#187;chino&#187; css=&#187;&#187;]<strong>Allgemeiner Hinweis<\/strong><br \/>\nDie Beinfarbe ist nur bei adulten M\u00f6wen ein relativ verl\u00e4ssliches Merkmal. Bei immaturen V\u00f6geln und Adulten im Sommer bzw. in der Vollmauser sollte die Beinfarbe nicht als Indiz herangezogen werden.[\/vc_message][\/vc_column][\/vc_row][vc_row][vc_column width=&#187;1\/3&#8243;][vc_single_image image=&#187;8109&#8243; img_size=&#187;full&#187; add_caption=&#187;yes&#187; onclick=&#187;link_image&#187; css=&#187;&#187;][\/vc_column][vc_column width=&#187;1\/3&#8243;][vc_single_image image=&#187;8112&#8243; img_size=&#187;full&#187; add_caption=&#187;yes&#187; onclick=&#187;link_image&#187; css=&#187;&#187;][\/vc_column][vc_column width=&#187;1\/3&#8243;][vc_column_text css=&#187;&#187;]<\/p>\n<h3 class=\"wp-block-heading\">Silberm\u00f6we <strong>adult<\/strong> (Winter)<\/h3>\n<ul class=\"wp-block-list\">\n<li>Kompakte, etwas schwerf\u00e4llig wirkende Grossm\u00f6we<\/li>\n<li>Beine (adult) fleischfarben<\/li>\n<li>Wirkt durch kurze Beine untersetzt (hat proportional betrachtet die k\u00fcrzesten Beine aller Grossm\u00f6wen)<\/li>\n<li>Meistens mit auff\u00e4lliger Strichelung am Kopf<\/li>\n<li>Sehr helles, zitronengelbes Auge<\/li>\n<li>Spitze der Handschwinge (HS) 10 ganz weiss (es gibt Ausnahmen)<\/li>\n<li>Spitze HS 5 ganz weiss, oder mit schwacher dunkler Markierung<\/li>\n<\/ul>\n<p>[\/vc_column_text][\/vc_column][vc_column][vc_separator css=&#187;&#187;][\/vc_column][\/vc_row][vc_row][vc_column width=&#187;1\/3&#8243;][vc_single_image image=&#187;8098&#8243; img_size=&#187;full&#187; add_caption=&#187;yes&#187; onclick=&#187;link_image&#187; css=&#187;&#187;][vc_single_image image=&#187;8099&#8243; img_size=&#187;full&#187; add_caption=&#187;yes&#187; onclick=&#187;link_image&#187; css=&#187;&#187;][\/vc_column][vc_column width=&#187;1\/3&#8243;][vc_single_image image=&#187;8093&#8243; img_size=&#187;full&#187; add_caption=&#187;yes&#187; onclick=&#187;link_image&#187; css=&#187;&#187;][vc_single_image image=&#187;8100&#8243; img_size=&#187;full&#187; add_caption=&#187;yes&#187; onclick=&#187;link_image&#187; css=&#187;&#187;][\/vc_column][vc_column width=&#187;1\/3&#8243;][vc_column_text css=&#187;&#187;]<\/p>\n<h3 class=\"wp-block-heading\">Silberm\u00f6we <strong>1. Winter<\/strong><\/h3>\n<ul class=\"wp-block-list\">\n<li>Kompakte, etwas schwerf\u00e4llig wirkende M\u00f6we<\/li>\n<li>Wirkt im Vergleich zu anderen Grossm\u00f6wen durch k\u00fcrzere Beine untersetzt<\/li>\n<li>Ganzer K\u00f6rper warm-braun (grosse Untersschiede)<\/li>\n<li>auff\u00e4lliges, schachbrettartige Musterung der Armdecken<\/li>\n<li>Schulterfedern meistens nur schwach vermausert, in der F\u00e4rbung eher beige, mit einem Querband, ggf. auch einem Rhombenmuster<\/li>\n<li>Oft schon etwas aufgehellte Schnabelbasis (vgl. Mittelmeerm\u00f6we 1. Winter = Schnabel schwarz ohne Aufhellung)<\/li>\n<li>Fliegender Vogel: Beachte typische &#171;Schachbrettmusterung&#187; gut sichtbar. Schwanz mit schwacher dunkler Endbinde und grober Musterung bei B\u00fcrzel und Oberschwanzdecken.<\/li>\n<\/ul>\n<p>[\/vc_column_text][vc_message message_box_color=&#187;chino&#187; css=&#187;&#187;]<strong>Zum 1. Winterkleid der Silberm\u00f6we<\/strong><\/p>\n<p>Im Vergleich zur Mittelmeerm\u00f6we ist der Mauserumfang in der Regel bei der Silberm\u00f6we viel kleiner. Die vermauserten Schulterfedern bei der Silberm\u00f6we haben meistens ein anderes Muster und eine andere Grundf\u00e4rbung als die Jugendfedern mit ihren dunklen Zentren und ihrem gezackten hellen Rand.<\/p>\n<p>Eine Grossm\u00f6we, die nur wenige Schulterfedern vermausert hat, ist n\u00e4her anzuschauen, ob sie nicht eventuell eine Silberm\u00f6we ist.[\/vc_message][\/vc_column][\/vc_row][vc_row][vc_column][vc_separator css=&#187;&#187;][\/vc_column][\/vc_row][vc_row][vc_column width=&#187;1\/3&#8243;][vc_single_image image=&#187;8166&#8243; img_size=&#187;large&#187; add_caption=&#187;yes&#187; onclick=&#187;link_image&#187; css=&#187;&#187;][vc_single_image image=&#187;8096&#8243; img_size=&#187;large&#187; add_caption=&#187;yes&#187; onclick=&#187;link_image&#187; css=&#187;&#187;][\/vc_column][vc_column width=&#187;1\/3&#8243;][vc_single_image image=&#187;8095&#8243; img_size=&#187;large&#187; add_caption=&#187;yes&#187; onclick=&#187;link_image&#187; css=&#187;&#187;][vc_single_image image=&#187;8169&#8243; img_size=&#187;large&#187; add_caption=&#187;yes&#187; onclick=&#187;link_image&#187; css=&#187;&#187;][vc_single_image image=&#187;8174&#8243; img_size=&#187;full&#187; add_caption=&#187;yes&#187; onclick=&#187;link_image&#187; css=&#187;&#187;][\/vc_column][vc_column width=&#187;1\/3&#8243;][vc_column_text css=&#187;&#187;]<\/p>\n<h3 class=\"wp-block-heading\">Silberm\u00f6we <strong>2. Winter<\/strong><\/h3>\n<ul class=\"wp-block-list\">\n<li>Erinnert oberfl\u00e4chlich betrachtet an einen Vogel im 1. Winterkleid, da die vermauserten Schulterfedern meistens noch beige-br\u00e4unlich sind und nur wenig grau (bis selten) auf dem R\u00fccken zu finden ist.<\/li>\n<li>Mehrheitlich br\u00e4unlich-weiss gemustert<\/li>\n<li>Schachbrettmusterung in den Armdecken weiterhin erkennbar<\/li>\n<li>HS-Spitzen rund (nicht spitzig, wie im 1. Winter), evtl. schon aufgehellte R\u00e4nder<\/li>\n<li>Das Muster der Schirmfedern sieht ganz anders aus, als wir es vom Jugendkleid her kennen, ohne erkennbare Mausergrenze<\/li>\n<li>Schwarze Endebinde am Schwanz<\/li>\n<li>Auge noch sehr dunkel<\/li>\n<li>Allgemein grosse Unterschiede in der F\u00e4rbung und Musterung von Individuum zu Individuum.<\/li>\n<\/ul>\n<p>[\/vc_column_text][vc_message message_box_color=&#187;chino&#187; icon_fontawesome=&#187;fa fa-solid fa-binoculars&#187; css=&#187;&#187;]Bei den hier abgebildeten Silberm\u00f6wen im 2. Winter sind auf den Handschwingenspitzen noch keine Apikalflecke sichtbar. Diese kommen erst mit der folgenden, zweiten Vollmauser. Umgekehrt sind die Augen bereits aufgehellt und auf dem R\u00fccken sowie den Armdecken ist schon recht viel grau vorhanden, was eher auf V\u00f6gel im 3. Winter schliessen w\u00fcrde.[\/vc_message][\/vc_column][\/vc_row][vc_row][vc_column][vc_separator css=&#187;&#187;][\/vc_column][\/vc_row][vc_row][vc_column width=&#187;1\/3&#8243;][vc_single_image image=&#187;8102&#8243; img_size=&#187;large&#187; add_caption=&#187;yes&#187; onclick=&#187;link_image&#187; css=&#187;&#187;][\/vc_column][vc_column width=&#187;1\/3&#8243;][vc_single_image image=&#187;8103&#8243; img_size=&#187;large&#187; add_caption=&#187;yes&#187; onclick=&#187;link_image&#187; css=&#187;&#187;][\/vc_column][vc_column width=&#187;1\/3&#8243;][vc_column_text css=&#187;&#187;]<\/p>\n<h3 class=\"wp-block-heading\">Silberm\u00f6we <strong>3. Winter\u00a0<\/strong>(August \u2013 April)<\/h3>\n<ul class=\"wp-block-list\">\n<li>\u00c4hnlich wie eine gleichaltrige Mittelmeerm\u00f6we<\/li>\n<li>Oberseite mit sehr viel Grauanteil, R\u00fccken prakitsch einheitlich grau<\/li>\n<li>Viel grau auch in den Deckenfedern<\/li>\n<li>Schnabel weiter aufgehellt (gleichaltrige Mittelmeerm\u00f6wen haben schon fast eine adulte Schnabelf\u00e4rbung)<\/li>\n<li>Iris hell<\/li>\n<li>Handschwingen (HS)-Spitzenflecke unterschiedlich in der Gr\u00f6sse ausgepr\u00e4gt<\/li>\n<\/ul>\n<p>[\/vc_column_text][\/vc_column][\/vc_row][vc_row][vc_column][vc_column_text css=&#187;&#187;]<\/p>\n<pre>Teste Deine M\u00f6wenkenntnisse: \u2192 <a href=\"https:\/\/stephantroesch.ch\/index.php\/swissgulls\/test-und-uebungen-moewenbestimmung\/\">Test und \u00dcbungen M\u00f6wenkenntnisse<\/a><\/pre>\n<p>[\/vc_column_text][\/vc_column][\/vc_row]<\/p>\n<\/div>","protected":false},"excerpt":{"rendered":"<p>[vc_row][vc_column][vc_column_text css=&#187;&#187;] M\u00f6wenarten: \u2192 Lachm\u00f6we \u2192 Sturmm\u00f6we \u2192 Schwarzkopfm\u00f6we \u2192 Mittelmeerm\u00f6we \u2192 Steppenm\u00f6we \u2192 Silberm\u00f6we \u2192 Heringsm\u00f6we Bestimmungshilfen: \u2192 Gefieder-Topografie einer Grossm\u00f6we | Die Mauser der M\u00f6wen | Fliegende Grossm\u00f6wen im 1. Winterkleid [\/vc_column_text][\/vc_column][\/vc_row][vc_row][vc_column width=&#187;1\/2&#8243;][vc_column_text css=&#187;&#187;] Silberm\u00f6we Larus argentatus | Herring Gull Status und Ph\u00e4nologie Schweiz folgt Ph\u00e4nologie: Der Angaben aus MAUMARY et al. (2007)&hellip;<\/p>\n","protected":false},"author":1,"featured_media":8110,"parent":7412,"menu_order":0,"comment_status":"closed","ping_status":"closed","template":"","meta":{"_acf_changed":false,"footnotes":""},"class_list":["post-7983","page","type-page","status-publish","has-post-thumbnail","hentry"],"acf":[],"_links":{"self":[{"href":"https:\/\/stephantroesch.ch\/index.php\/wp-json\/wp\/v2\/pages\/7983","targetHints":{"allow":["GET"]}}],"collection":[{"href":"https:\/\/stephantroesch.ch\/index.php\/wp-json\/wp\/v2\/pages"}],"about":[{"href":"https:\/\/stephantroesch.ch\/index.php\/wp-json\/wp\/v2\/types\/page"}],"author":[{"embeddable":true,"href":"https:\/\/stephantroesch.ch\/index.php\/wp-json\/wp\/v2\/users\/1"}],"replies":[{"embeddable":true,"href":"https:\/\/stephantroesch.ch\/index.php\/wp-json\/wp\/v2\/comments?post=7983"}],"version-history":[{"count":28,"href":"https:\/\/stephantroesch.ch\/index.php\/wp-json\/wp\/v2\/pages\/7983\/revisions"}],"predecessor-version":[{"id":8214,"href":"https:\/\/stephantroesch.ch\/index.php\/wp-json\/wp\/v2\/pages\/7983\/revisions\/8214"}],"up":[{"embeddable":true,"href":"https:\/\/stephantroesch.ch\/index.php\/wp-json\/wp\/v2\/pages\/7412"}],"wp:featuredmedia":[{"embeddable":true,"href":"https:\/\/stephantroesch.ch\/index.php\/wp-json\/wp\/v2\/media\/8110"}],"wp:attachment":[{"href":"https:\/\/stephantroesch.ch\/index.php\/wp-json\/wp\/v2\/media?parent=7983"}],"curies":[{"name":"wp","href":"https:\/\/api.w.org\/{rel}","templated":true}]}}