{"id":8422,"date":"2026-02-25T20:09:47","date_gmt":"2026-02-25T20:09:47","guid":{"rendered":"https:\/\/stephantroesch.ch\/?page_id=8422"},"modified":"2026-02-28T22:15:42","modified_gmt":"2026-02-28T22:15:42","slug":"fernrohre-fuer-die-vogelbeobachtung-ein-subjektiver-vergleich-der-spitzenprodukte-von-kowa-leica-und-swarovski","status":"publish","type":"page","link":"https:\/\/stephantroesch.ch\/index.php\/blog\/shorebirder\/fernrohre-fuer-die-vogelbeobachtung-ein-subjektiver-vergleich-der-spitzenprodukte-von-kowa-leica-und-swarovski\/","title":{"rendered":"Fernrohre f\u00fcr die Vogelbeobachtung \u2014 Ein subjektiver Vergleich der Spitzenprodukte von Kowa, Leica und Swarovski"},"content":{"rendered":"<div class=\"wpb-content-wrapper\"><p>[vc_row][vc_column][vc_single_image image=&#187;8367&#8243; img_size=&#187;full&#187; css=&#187;&#187;][vc_column_text css=&#187;&#187;]<\/p>\n<h1 class=\"post-title entry-title\"><strong>Fernrohre f\u00fcr die Vogelbeobachtung<\/strong> \u2014 Ein subjektiver Vergleich der Spitzenprodukte von Kowa, Leica und Swarovski<\/h1>\n<p>[\/vc_column_text][\/vc_column][\/vc_row][vc_row][vc_column][vc_column_text css=&#187;&#187;]<\/p>\n<h3><strong>Fazit: Bei diesen 3 Spitzenprodukten von Kowa, Leica und Swarovski gibt es optisch kaum Unterschiede, im Handling aber schon<\/strong>\u00a0&#8212; Ein sehr subjektiver, pers\u00f6nlicher Vergleich dieser Fernrohre (Spektive) bringt es an den Tag, dass ich bei meinem Produkt bleiben werde.<\/h3>\n<p>Diese Tage hatte ich Gelegenheit, drei aktuelle, moderne Fernrohre der renommierten Hersteller <strong>Kowa, Leica und Swarovski<\/strong> einem kurzen Vergleich zu unterziehen. Beim V\u00f6gel beobachten gab es bei Gruppenexkursionen immer wieder Gelegenheit f\u00fcr Vergleiche, doch wollte ich schon seit l\u00e4ngerem alle bekannten Produkte in Ruhe vergleichen zu k\u00f6nnen, ein Wunsch, der verst\u00e4rkt wurde, nachdem die Firma Leica mit Sitz in Wetzlar 2025 eine neue Version ihres Spektivs &#171;Apo-Televid 82&#187; auf den Markt gebracht hatte.<\/p>\n<p>Ich danke Fabian Gasser von <strong><a href=\"https:\/\/www.roost-optik.ch\/de\/\" target=\"_blank\" rel=\"noopener\">Roost Augenoptik AG<\/a><\/strong> \u2192, Schaffhausen, f\u00fcr die mir gebotene M\u00f6glichkeit eines Vergleichs, f\u00fcr den er das neue <strong>Leica Apo-Televid 82<\/strong> und das <strong>Swarovski ATX 85<\/strong> zur Verf\u00fcgung stellte. Ich brachte dazu meine Fernrohre mit: Das <strong>Kowa TSN-88S<\/strong> Prominar und das alte <strong>Leica Apo-Televid 77<\/strong> mit 32-er Weitwinkel-Okular.[\/vc_column_text][\/vc_column][\/vc_row][vc_row][vc_column width=&#187;1\/2&#8243;][vc_column_text css=&#187;&#187;]Auf dem Balkon im 2. Stock der Roost Augenoptik AG installierten wir die Spektive nebeneinander. Sie waren alle mit Zoom-Okularen ausgestattet:<\/p>\n<p>&#8212;\u00a0<a href=\"https:\/\/www.kowaoptic.com\/de\/Produkte\/Spektive\/TSN-88\/\" target=\"_blank\" rel=\"noopener\"><strong>Kowa TSN-88S<\/strong><\/a> mit dem Okular <strong><a href=\"https:\/\/www.kowaoptic.com\/de\/Kowa-TE-11WZ-II-25-60X-30-70x-Weitwinkel-Zoomokular\/12267\" target=\"_blank\" rel=\"noopener\">TE-11 WZII 25-60x TE<\/a><br \/>\n<\/strong>&#8212; <strong><a href=\"https:\/\/leica-camera.com\/de-CH\/product\/leica-apo-televid-82-kit-zoom-eyepiece-25x-50x-ww-asph\" target=\"_blank\" rel=\"noopener\">Leica Apo-Televid 82<\/a><\/strong> mit dem Okular<strong> 25-50x WW ASPH.<br \/>\n<\/strong>&#8212; <strong><a href=\"https:\/\/www.swarovskioptik.com\/ch\/de\/jagd\/products\/spotting-scopes\/atx-stx-btx\/atx-stx-btx-set\/atx-spotting-scope-system\/5006351-B2\" target=\"_blank\" rel=\"noopener\">Swarovski ATX<\/a> Okularmodul 25-60x<\/strong><\/p>\n<p>Mit den Frontdurchmessern von 82mm (Leica), 85mm (Swarovski) und 88mm (Kowa) unterschieden sich die drei Fernrohre nur wenig von der Menge des &#171;einfallenden&#187; Lichts.[\/vc_column_text][\/vc_column][vc_column width=&#187;1\/2&#8243;][vc_single_image image=&#187;8368&#8243; img_size=&#187;full&#187; add_caption=&#187;yes&#187; onclick=&#187;link_image&#187; css=&#187;&#187;][\/vc_column][\/vc_row][vc_row][vc_column width=&#187;2\/3&#8243;][vc_message message_box_color=&#187;chino&#187; icon_fontawesome=&#187;fa fa-solid fa-binoculars&#187; css=&#187;&#187;]<\/p>\n<h3><strong>Mein erstes Fernrohr war 1972 ein Kern Alpivist 28x<\/strong><\/h3>\n<p>Ich bin seit Mitte der 1960er Jahre ornithologisch unterwegs. Mit dem gesteigerten Interesse an der Vogelbeobachtung kaufte ich 1972 mein erstes Fernrohr, ein <strong>Kern Alpivist mit 28x Okular<\/strong>. Dieses Fernrohr er\u00f6ffnete mir ganz neue, ungeahnte Erfahrungen in der Vogelbeobachtung und war fortan mein st\u00e4ndiger Begleiter bis anfangs der 1990er-Jahre. Damals z\u00e4hlten die Produkte der <strong>Schweizer Firma Kern<\/strong>, mit Sitz in Aarau, zu den besten weltweit. Die japanischen Produkte von Admiral, jene von Bausch &amp; Lomb aus den USA, Swarovski aus \u00d6sterreich oder von Leitz aus Deutschland kamen punkto Optik und Qualit\u00e4t nicht an das Kern heran. &#8212; Das Kernfernrohr konnte nur mittels massivem Metalldorn auf einem sehr schweren Holzstativ der Firma Kern befestigt werden. Die heute \u00fcblichen Stativschellen waren damals noch nicht vorhanden.<\/p>\n<p>Ab 1999 beobachtete ich mit dem neuen <strong>Leica Televid 77<\/strong> Gerade-Einblick und ab 2001 mit dem <strong>Leica Apo-Televid 77<\/strong>, beide mit dem 32er-Weitwinkel-Okular. Im Jahr 2010 brachte Leica ein ganz neues Fernrohr, das <strong>Apo-Televid 82 mit dem Okular 25-50x<\/strong> heraus, welches mich fortan auf meinen Exkursionen begleitete. Nachdem ich dieses Fernrohr 2024 verkauft hatte, ersetzte ich es durch das neue <strong>Kowa Prominar TSN-88S<\/strong> mit dem 25-60x Weitwinkel-Okular und dem optional erh\u00e4ltlichen <strong>Extrem-Weitwinkel-Okular TE-80XW<\/strong> mit 35-facher Vergr\u00f6sserung.[\/vc_message][\/vc_column][vc_column width=&#187;1\/3&#8243;][vc_single_image image=&#187;8390&#8243; img_size=&#187;full&#187; add_caption=&#187;yes&#187; onclick=&#187;link_image&#187; css=&#187;.vc_custom_1772050416211{border-top-width: 1px !important;border-right-width: 1px !important;border-bottom-width: 1px !important;border-left-width: 1px !important;border-color: #808080 !important;}&#187;][\/vc_column][\/vc_row][vc_row][vc_column width=&#187;1\/2&#8243;][vc_column_text css=&#187;&#187;]<\/p>\n<h3><strong>Mein 25 Jahre altes Leica Apo-Televid<\/strong><\/h3>\n<p>Sehr spannend war f\u00fcr mich, dieses alte Leica Fernrohr mit den aktuellen Spitzenprodukten vergleichen zu k\u00f6nnen. Auf dem Foto sind die Gebrauchsspuren auf dem Metall-Fernrohrk\u00f6rper sichtbar. Die Gl\u00e4ser und die Technik im Innern sind davon nicht betroffen. Alles l\u00e4uft nach wie vor &#171;rund&#187; und die optische Leistung des Fernrohrs ist immer noch sehr gut.[\/vc_column_text][\/vc_column][vc_column width=&#187;1\/2&#8243;][vc_single_image image=&#187;8379&#8243; img_size=&#187;full&#187; onclick=&#187;link_image&#187; css=&#187;&#187;][\/vc_column][vc_column][vc_separator css=&#187;&#187;][\/vc_column][\/vc_row][vc_row][vc_column width=&#187;1\/2&#8243;][vc_column_text css=&#187;&#187;]<\/p>\n<h3><strong>Ein pers\u00f6nlicher und subjektiver Vergleich<\/strong><\/h3>\n<p>Der Vergleich aller vier Fernrohre fand bei hochnebelartig bew\u00f6lktem Himmel und angenehmen Temperaturen statt. Als Fixpunkte der Beobachtung dienten, mit Blick auf das Obertor, die mit Moos bewachsenen Dachziegel und Fassadenverkleidungen aus Holz von schaffhauser Altstadth\u00e4usern. Die filigranen Strukturen eigneten sich sehr gut zur Sch\u00e4rfen- und Aufl\u00f6sungsbestimmung der Fernrohre. Die Vergleiche fanden w\u00e4hrend einer Stunde statt. Es gab weder eine Checkliste zur Pr\u00fcfung bestimmter Punkte, noch wurden die Wahrnehmungen schriftlich festgehalten.<\/p>\n<p>Die Vergleiche sind rein pers\u00f6nlich und subjektiver Natur und dienten vor allem zur Wahrnehmung von <strong>Helligkeit, Kontrast, Sch\u00e4rfe, Randaufl\u00f6sung sowie dem Handling<\/strong>.[\/vc_column_text][\/vc_column][vc_column width=&#187;1\/2&#8243;][vc_single_image image=&#187;8369&#8243; img_size=&#187;full&#187; add_caption=&#187;yes&#187; onclick=&#187;link_image&#187; css=&#187;&#187;][\/vc_column][\/vc_row][vc_row][vc_column width=&#187;1\/3&#8243;][vc_single_image image=&#187;8374&#8243; img_size=&#187;full&#187; onclick=&#187;link_image&#187; css=&#187;&#187;][vc_column_text css=&#187;&#187;]<\/p>\n<h3>Kowa TSN-88 S<\/h3>\n<ul>\n<li>Helle bis sehr helle, kontrastreiche Abbildung mit einem eher warmen Farbton<\/li>\n<li>Sch\u00e4rfe sehr gut bis zum Rand<\/li>\n<li>Am Bildrand keine chromatischen Abberationen bemerkt<\/li>\n<li>Ganzer Fernrohrk\u00f6rper aus 100% Magnesium-Legierung, sehr gut verarbeitet<\/li>\n<li>Okular mit Knopfdruck wechselbar, hochwertig verarbeitet, ausziehbare Augenmuschel wirkt weniger wertig<\/li>\n<li>Sch\u00e4rfeneinstellung analog Leica mit zwei kleinen, unterschiedlich \u00fcbersetzten R\u00e4ndelschrauben. Diese k\u00f6nnen mit einem Finger sehr leicht und fl\u00fcssig bedient werden.<\/li>\n<li>Einstellung der Vergr\u00f6sserung (25 bis 60x) am Okular l\u00e4uft leicht und mit angenehmem Widerstand<\/li>\n<\/ul>\n<p>[\/vc_column_text][\/vc_column][vc_column width=&#187;1\/3&#8243;][vc_single_image image=&#187;8373&#8243; img_size=&#187;full&#187; onclick=&#187;link_image&#187; css=&#187;&#187;][vc_column_text css=&#187;&#187;]<\/p>\n<h3>Leica Apo-Televid 82 (2025)<\/h3>\n<ul>\n<li>Helle, kontrastreiche Abbildung mit einem eher warmen Farbton<\/li>\n<li>Sch\u00e4rfe sehr gut bis zum Rand<\/li>\n<li>Am Rand sehr leichte, gr\u00fcne chromatische Abberation, die aber nicht st\u00f6rt<\/li>\n<li>Ganzer Fernrohrk\u00f6rper gummiarmiert, hochwertig verarbeitet<\/li>\n<li>Okular mit Knopfdruck abnehmbar, sehr hochwertig verarbeitet<\/li>\n<li>Sch\u00e4rfeneinstellung mit zwei unterschiedlich stark \u00fcbersetzten R\u00e4ndelschrauben am Objektivk\u00f6rper. Mit &#171;aufgelegter&#187; Hand sehr leicht mit einem Finger zu bedienen.<\/li>\n<li>Einstellung der Vergr\u00f6sserung (25 bis 50x) am Okular fl\u00fcssig und angenehm laufend.<\/li>\n<\/ul>\n<p>[\/vc_column_text][\/vc_column][vc_column width=&#187;1\/3&#8243;][vc_single_image image=&#187;8372&#8243; img_size=&#187;full&#187; onclick=&#187;link_image&#187; css=&#187;&#187;][vc_column_text css=&#187;&#187;]<\/p>\n<h3>Swarovski ATX 85<\/h3>\n<ul>\n<li>Sehr helle, kontrastreiche Abbildung mit einem eher k\u00fchlen Farbton<\/li>\n<li>Sch\u00e4rfe sehr gut bis zum Rand<\/li>\n<li>Am Rand sehr leichte, gr\u00fcne chromatische Abberation, die aber nicht st\u00f6rt<\/li>\n<li>Ganzer Fernrohrk\u00f6rper gummiarmiert<\/li>\n<li>Sch\u00e4rfeneinstellung mit im Objektivk\u00f6rper integrierten Drehring. Dazu ist die ganze Hand erforderlich. Leicht laufender Drehmechanismus<\/li>\n<li>Einstellung der Vergr\u00f6sserung (25 bis 60x) am Objektivmodul eher z\u00e4h als fl\u00fcssig laufend<\/li>\n<\/ul>\n<p>[\/vc_column_text][\/vc_column][\/vc_row][vc_row][vc_column width=&#187;1\/3&#8243;][vc_column_text css=&#187;&#187;]<\/p>\n<h3>Pro &amp; Cons: Kowa TSN-88 S<\/h3>\n<p>+\u00a0 Sehr gute Abbildungsleistung und Sch\u00e4rfe<br \/>\n+\u00a0 Sehr gute Verarbeitung<br \/>\n+\u00a0 Sch\u00e4rfesteinstellung<br \/>\n+\u00a0 Zoom-Einstellung am Okular<br \/>\n+\u00a0 optionale Okulare erh\u00e4ltlich<br \/>\n+\u00a0 auch mit Schr\u00e4heinblick erh\u00e4ltlich<br \/>\n+\u00a0 ausziehbare Gegenlichtblende<\/p>\n<p>&#8211;\u00a0 Augenmuschel wirkt weniger wertig[\/vc_column_text][\/vc_column][vc_column width=&#187;1\/3&#8243;][vc_column_text css=&#187;&#187;]<\/p>\n<h3>Pro &amp; Cons: Leica Apo-Televid 82<\/h3>\n<p>+\u00a0 Sehr gute Abbildungsleistung und Sch\u00e4rfe<br \/>\n+\u00a0 Sehr gute Verarbeitung<br \/>\n+\u00a0 Sehr hochwertig verarbeitetes Okular<br \/>\n+\u00a0 Sch\u00e4rfeeinstellung<br \/>\n+. Zoomeinstellung am Okular<br \/>\n+\u00a0 Kompakte Bauweise<br \/>\n+\u00a0 ausziehbare Gegenlichtblende<\/p>\n<p>&#8211;\u00a0 Okularschutzdeckel<br \/>\n&#8211;\u00a0 Allg. kaum besser als Vorg\u00e4nger<br \/>\n&#8211;\u00a0 nur mit Schr\u00e4geinblick erh\u00e4ltlich[\/vc_column_text][\/vc_column][vc_column width=&#187;1\/3&#8243;][vc_column_text css=&#187;&#187;]<\/p>\n<h3>Pro &amp; Cons: Swarovsky ATX 85<\/h3>\n<p>+\u00a0 Top Abbildungsleistung und Sch\u00e4rfe<br \/>\n+\u00a0 Sehr gute Verarbeitung<br \/>\n+\u00a0 Okular-Schutzdeckel<br \/>\n+\u00a0 ausziehbare Gegenlichtblende<br \/>\n+\u00a0 modulares Produktsystem<\/p>\n<p>&#8211;\u00a0 Sch\u00e4rfeneinstellung am Tubus<br \/>\n&#8211;\u00a0 Zoom z\u00e4hfl\u00fcssig[\/vc_column_text][\/vc_column][vc_column][vc_column_text css=&#187;&#187;]<\/p>\n<p style=\"text-align: center;\">Die Abbildungsleistung nimmt bei Kowa und Swarovsky ab 50-facher Vergr\u00f6sserung erwartungsgem\u00e4ss ab.<br \/>\nLeica scheint dies erkannt zu haben, da ihr Okular einen Zoom von 25 bis 50 umfasst und nicht bis zu 60 geht,<br \/>\nwie bei den anderen Produkten.<\/p>\n<p>[\/vc_column_text][\/vc_column][\/vc_row][vc_row][vc_column width=&#187;2\/3&#8243;][vc_message message_box_color=&#187;white&#187; icon_fontawesome=&#187;fa fa-solid fa-crow&#187; css=&#187;&#187;]<\/p>\n<h3><strong>Mein pers\u00f6nliches Fazit:<\/strong>\u00a0Ich behalte mein Kowa TSN-88<\/h3>\n<p>Aus meinem subjektiven Vergleich gebe ich f\u00fcr die herausragende optische Leistung dem <strong>Swarovski<\/strong> einen hauchd\u00fcnnen Vorsprung gegen\u00fcber den anderen Produkten. Mir scheint, dass das <strong>neue Leica<\/strong> am wenigsten hell und kontrastreich aufl\u00f6st, aber immer noch auf einem sehr hohen Niveau. &#8212; Einmal mehr kann ich best\u00e4tigen, dass ich das Swarovski-Spektiv nicht kaufen w\u00fcrde. Das Handling mit der Sch\u00e4rfeneinstellung am Objektivk\u00f6rper (es wird die ganze Hand ben\u00f6tigt) und der z\u00e4h laufende Zoomring sind gew\u00f6hnungsbed\u00fcrftig und f\u00fcr mich nicht optimal.<\/p>\n<p>Das neue Leica (auf dem Markt seit 2025) hat mich in dem Sinne \u00fcberrascht, als dass ich optisch eine wesentlich verbesserte Leistung &#171;erwartet&#187; h\u00e4tte. Aus meiner Betrachtung wirkt es gegen\u00fcber seinem Vorg\u00e4nger in Erinnerung weder besser noch schlechter. Ob hier nur \u00e4usserlich etwas &#171;Kosmetik&#187; betrieben wurde? Erstaunlich ist zudem, dass es die Leica-Ingenieure erneut nicht geschafft haben, ihrem neuen Spektiv eine feldtaugliche Okularabdeckung zu verpassen. Da diese nicht mit einem Riemen oder einer Schnur gesichert werden kann, ist es nur eine Frage der Zeit, bis der sehr teure Kunststoffdeckel verloren geht.<\/p>\n<p>Das <strong>Kowa TSN-88<\/strong> vereint f\u00fcr mich alle Aspekte eines hervorragenden Spektivs: Super Abbildung, sehr gute Verarbeitung und ausgezeichnetes Handling. Das optional erh\u00e4ltliche Extrem-Weitwinkel-Okular mit 35-facher Vergr\u00f6ssung von Kowa ist atemberaubend. Es gibt nichts Vergleichbares auf dem Spektivmarkt. Ich freue mich, weiterhin mit diesem Fernrohr unterwegs zu sein.<\/p>\n<p><strong>Zum Schluss<\/strong> m\u00f6chte ich nicht unerw\u00e4hnt lassen, dass mein <strong>25 Jahre altes Leica Apo-Televid 77<\/strong>, trotz der im Vergleich zu den anderen hochmodernen Produkten am wenigsten Lichtst\u00e4rke vereint, in meinem Vergleich nur wenig zur\u00fcckgefallen ist. Das 32-fache Okular ist immer noch hervorragend und die Abbildungsleistung ausgezeichnet.[\/vc_message][\/vc_column][vc_column width=&#187;1\/3&#8243;][vc_single_image image=&#187;8375&#8243; img_size=&#187;full&#187; add_caption=&#187;yes&#187; onclick=&#187;link_image&#187; css=&#187;.vc_custom_1772053340781{border-color: #000000 !important;}&#187;][\/vc_column][\/vc_row][vc_row][vc_column][vc_column_text css=&#187;&#187;]<span style=\"color: #333399;\"><strong>Hinweis:<\/strong> Leica bietet mit neben den &#171;Apo-Fernrohren&#187; auch eine g\u00fcnstigere &#171;HD-Version&#187; an. Beide sind mit 82mm und 65mm Frontdurchmessern erh\u00e4ltlich, allerdings nur mit Schr\u00e4geinblick. Auch Kowa hat mehrere Produktvarianten im Angebot, das bis zu einem Fernrohr mit 99mm Frontdurchmesser geht, umgekehrt auch kleinere Modelle mit 66 und 55mm Frontdurchmesser. Die Produktpalette von Swarovski ist auf einem modularen System aufgebaut. Alle Firmen bieten optionale Produkte f\u00fcr das Digiscoping an.<\/span>[\/vc_column_text][\/vc_column][\/vc_row]<\/p>\n<\/div>","protected":false},"excerpt":{"rendered":"<p>[vc_row][vc_column][vc_single_image image=&#187;8367&#8243; img_size=&#187;full&#187; css=&#187;&#187;][vc_column_text css=&#187;&#187;] Fernrohre f\u00fcr die Vogelbeobachtung \u2014 Ein subjektiver Vergleich der Spitzenprodukte von Kowa, Leica und Swarovski [\/vc_column_text][\/vc_column][\/vc_row][vc_row][vc_column][vc_column_text css=&#187;&#187;] Fazit: Bei diesen 3 Spitzenprodukten von Kowa, Leica und Swarovski gibt es optisch kaum Unterschiede, im Handling aber schon\u00a0&#8212; Ein sehr subjektiver, pers\u00f6nlicher Vergleich dieser Fernrohre (Spektive) bringt es an den Tag, dass&hellip;<\/p>\n","protected":false},"author":1,"featured_media":8367,"parent":7176,"menu_order":0,"comment_status":"closed","ping_status":"closed","template":"","meta":{"_acf_changed":false,"footnotes":""},"class_list":["post-8422","page","type-page","status-publish","has-post-thumbnail","hentry"],"acf":[],"_links":{"self":[{"href":"https:\/\/stephantroesch.ch\/index.php\/wp-json\/wp\/v2\/pages\/8422","targetHints":{"allow":["GET"]}}],"collection":[{"href":"https:\/\/stephantroesch.ch\/index.php\/wp-json\/wp\/v2\/pages"}],"about":[{"href":"https:\/\/stephantroesch.ch\/index.php\/wp-json\/wp\/v2\/types\/page"}],"author":[{"embeddable":true,"href":"https:\/\/stephantroesch.ch\/index.php\/wp-json\/wp\/v2\/users\/1"}],"replies":[{"embeddable":true,"href":"https:\/\/stephantroesch.ch\/index.php\/wp-json\/wp\/v2\/comments?post=8422"}],"version-history":[{"count":19,"href":"https:\/\/stephantroesch.ch\/index.php\/wp-json\/wp\/v2\/pages\/8422\/revisions"}],"predecessor-version":[{"id":8454,"href":"https:\/\/stephantroesch.ch\/index.php\/wp-json\/wp\/v2\/pages\/8422\/revisions\/8454"}],"up":[{"embeddable":true,"href":"https:\/\/stephantroesch.ch\/index.php\/wp-json\/wp\/v2\/pages\/7176"}],"wp:featuredmedia":[{"embeddable":true,"href":"https:\/\/stephantroesch.ch\/index.php\/wp-json\/wp\/v2\/media\/8367"}],"wp:attachment":[{"href":"https:\/\/stephantroesch.ch\/index.php\/wp-json\/wp\/v2\/media?parent=8422"}],"curies":[{"name":"wp","href":"https:\/\/api.w.org\/{rel}","templated":true}]}}